{"id":605,"date":"2026-04-02T16:53:21","date_gmt":"2026-04-02T13:53:21","guid":{"rendered":"https:\/\/skyvac.fi\/kontakta-oss\/"},"modified":"2026-04-20T12:35:24","modified_gmt":"2026-04-20T09:35:24","slug":"kontaktuppgifter","status":"publish","type":"page","link":"https:\/\/skyvac.fi\/sv\/kontaktuppgifter\/","title":{"rendered":"Kontakta oss"},"content":{"rendered":"\n<div class=\"wp-block-uagb-container uagb-block-d2ca548e alignfull uagb-is-root-container\"><div class=\"uagb-container-inner-blocks-wrap\">\n<div class=\"wp-block-uagb-container uagb-block-0b589270\">\n<div class=\"wp-block-uagb-advanced-heading uagb-block-b4238030\"><p class=\"uagb-desc-text\">Kontakta oss<\/p><h1 class=\"uagb-heading-text\">Hur kan vi st\u00e5 till tj\u00e4nst?<\/h1><\/div>\n\n\n\n<p>Har du fr\u00e5gor, beh\u00f6ver du mer information om v\u00e5ra tj\u00e4nster eller vill du diskutera samarbete? Tveka inte att kontakta oss. Vi hj\u00e4lper g\u00e4rna till. <\/p>\n\n\n\n<p>Nedan hittar du v\u00e5rt teams kontaktuppgifter. Du kan kontakta den person som passar dig b\u00e4st direkt eller skicka oss ett meddelande, s\u00e5 \u00e5terkommer vi s\u00e5 snart som m\u00f6jligt. <\/p>\n<\/div>\n\n\n\n<div class=\"wp-block-uagb-container uagb-block-d5f875d2\"><\/div>\n<\/div><\/div>\n\n<div class=\"wp-block-uagb-container uagb-block-8fe6019f alignfull uagb-is-root-container\"><div class=\"uagb-container-inner-blocks-wrap\">\n<div class=\"wp-block-uagb-container uagb-block-26600e71\">\n<div class=\"wp-block-uagb-advanced-heading uagb-block-5b4bfa8a\"><h2 class=\"uagb-heading-text\">Kontakta n\u00e5gon av v\u00e5ra teammedlemmar<\/h2><\/div>\n<\/div>\n\n\n\n<div class=\"wp-block-uagb-container uagb-block-8hbdtc24\">\n<div class=\"wp-block-uagb-container uagb-block-rkmvvlvt\">\n<div class=\"wp-block-uagb-image aligncenter uagb-block-zybwa9be wp-block-uagb-image--layout-default wp-block-uagb-image--effect-static wp-block-uagb-image--align-center\"><figure class=\"wp-block-uagb-image__figure\"><img decoding=\"async\" srcset=\"https:\/\/skyvac.fi\/wp-content\/uploads\/profile-pic.svg ,https:\/\/skyvac.fi\/wp-content\/uploads\/profile-pic.svg 780w, https:\/\/skyvac.fi\/wp-content\/uploads\/profile-pic.svg 360w\" sizes=\"auto, (max-width: 480px) 150px\" src=\"https:\/\/skyvac.fi\/wp-content\/uploads\/profile-pic.svg\" alt=\"Profilbild\" class=\"uag-image-650\" width=\"300\" height=\"300\" title=\"\" loading=\"lazy\" role=\"img\"><\/figure><\/div>\n\n\n\n<div class=\"wp-block-uagb-advanced-heading uagb-block-902b4628\"><h3 class=\"uagb-heading-text\">Mari Hauskaviita<\/h3><p class=\"uagb-desc-text\">F\u00f6rs\u00e4ljningsansvarig Finland<\/p><\/div>\n\n\n\n<div class=\"wp-block-uagb-icon-list uagb-block-141e5076\"><div class=\"uagb-icon-list__wrap\">\n<div class=\"wp-block-uagb-icon-list-child uagb-block-a09daa42\"><a target=\"_self\" aria-label=\"+358 40 837 7543\" rel=\"noopener noreferrer\" href=\"tel:+358408377543\"> <\/a><span class=\"uagb-icon-list__source-wrap\"><svg xmlns=\"https:\/\/www.w3.org\/2000\/svg\" viewbox=\"0 0 384 512\"><path d=\"M320 0H64C37.5 0 16 21.5 16 48v416C16 490.5 37.5 512 64 512h256c26.5 0 48-21.5 48-48v-416C368 21.5 346.5 0 320 0zM240 447.1C240 456.8 232.8 464 224 464H159.1C151.2 464 144 456.8 144 448S151.2 432 160 432h64C232.8 432 240 439.2 240 447.1zM304 384h-224V64h224V384z\"><\/path><\/svg><\/span><span class=\"uagb-icon-list__label\">+358 40 837 7543<\/span><\/div>\n\n\n\n<div class=\"wp-block-uagb-icon-list-child uagb-block-09e139f7\"><a target=\"_self\" aria-label=\"info@skyvac.fi\" rel=\"noopener noreferrer\" href=\"mailto:info@skyvac.fi\"> <\/a><span class=\"uagb-icon-list__source-wrap\"><svg xmlns=\"https:\/\/www.w3.org\/2000\/svg\" viewbox=\"0 0 512 512\"><path d=\"M493.6 163c-24.88-19.62-45.5-35.37-164.3-121.6C312.7 29.21 279.7 0 256.4 0H255.6C232.3 0 199.3 29.21 182.6 41.38c-118.8 86.25-139.4 101.1-164.3 121.6C6.75 172 0 186 0 200.8v263.2C0 490.5 21.49 512 48 512h416c26.51 0 48-21.49 48-47.1V200.8C512 186 505.3 172 493.6 163zM303.2 367.5C289.1 378.5 272.5 384 256 384s-33.06-5.484-47.16-16.47L64 254.9V208.5c21.16-16.59 46.48-35.66 156.4-115.5c3.18-2.328 6.891-5.187 10.98-8.353C236.9 80.44 247.8 71.97 256 66.84c8.207 5.131 19.14 13.6 24.61 17.84c4.09 3.166 7.801 6.027 11.15 8.478C400.9 172.5 426.6 191.7 448 208.5v46.32L303.2 367.5z\"><\/path><\/svg><\/span><span class=\"uagb-icon-list__label\">info@skyvac.fi<\/span><\/div>\n<\/div><\/div>\n<\/div>\n\n\n\n<div class=\"wp-block-uagb-container uagb-block-130f48ad\">\n<div class=\"wp-block-uagb-image aligncenter uagb-block-01e8ff25 wp-block-uagb-image--layout-default wp-block-uagb-image--effect-static wp-block-uagb-image--align-center\"><figure class=\"wp-block-uagb-image__figure\"><img decoding=\"async\" srcset=\"https:\/\/skyvac.fi\/wp-content\/uploads\/profile-pic.svg ,https:\/\/skyvac.fi\/wp-content\/uploads\/profile-pic.svg 780w, https:\/\/skyvac.fi\/wp-content\/uploads\/profile-pic.svg 360w\" sizes=\"auto, (max-width: 480px) 150px\" src=\"https:\/\/skyvac.fi\/wp-content\/uploads\/profile-pic.svg\" alt=\"Profilbild\" class=\"uag-image-650\" width=\"300\" height=\"300\" title=\"\" loading=\"lazy\" role=\"img\"><\/figure><\/div>\n\n\n\n<div class=\"wp-block-uagb-advanced-heading uagb-block-7de5e339\"><h3 class=\"uagb-heading-text\">Martin Nordstr\u00f6m<\/h3><p class=\"uagb-desc-text\">F\u00f6rs\u00e4ljningsansvarig Sverige<\/p><\/div>\n\n\n\n<div class=\"wp-block-uagb-icon-list uagb-block-4194881e\"><div class=\"uagb-icon-list__wrap\">\n<div class=\"wp-block-uagb-icon-list-child uagb-block-076bbc76\"><a target=\"_self\" aria-label=\"+358 40 837 7543\" rel=\"noopener noreferrer\" href=\"tel:+358408377543\"> <\/a><span class=\"uagb-icon-list__source-wrap\"><svg xmlns=\"https:\/\/www.w3.org\/2000\/svg\" viewbox=\"0 0 384 512\"><path d=\"M320 0H64C37.5 0 16 21.5 16 48v416C16 490.5 37.5 512 64 512h256c26.5 0 48-21.5 48-48v-416C368 21.5 346.5 0 320 0zM240 447.1C240 456.8 232.8 464 224 464H159.1C151.2 464 144 456.8 144 448S151.2 432 160 432h64C232.8 432 240 439.2 240 447.1zM304 384h-224V64h224V384z\"><\/path><\/svg><\/span><span class=\"uagb-icon-list__label\">+358 40 837 7543<\/span><\/div>\n\n\n\n<div class=\"wp-block-uagb-icon-list-child uagb-block-0d0c5e46\"><a target=\"_self\" aria-label=\"myynti@skyvac.fi\" rel=\"noopener noreferrer\" href=\"mailto:myynti@skyvac.fi\"> <\/a><span class=\"uagb-icon-list__source-wrap\"><svg xmlns=\"https:\/\/www.w3.org\/2000\/svg\" viewbox=\"0 0 512 512\"><path d=\"M493.6 163c-24.88-19.62-45.5-35.37-164.3-121.6C312.7 29.21 279.7 0 256.4 0H255.6C232.3 0 199.3 29.21 182.6 41.38c-118.8 86.25-139.4 101.1-164.3 121.6C6.75 172 0 186 0 200.8v263.2C0 490.5 21.49 512 48 512h416c26.51 0 48-21.49 48-47.1V200.8C512 186 505.3 172 493.6 163zM303.2 367.5C289.1 378.5 272.5 384 256 384s-33.06-5.484-47.16-16.47L64 254.9V208.5c21.16-16.59 46.48-35.66 156.4-115.5c3.18-2.328 6.891-5.187 10.98-8.353C236.9 80.44 247.8 71.97 256 66.84c8.207 5.131 19.14 13.6 24.61 17.84c4.09 3.166 7.801 6.027 11.15 8.478C400.9 172.5 426.6 191.7 448 208.5v46.32L303.2 367.5z\"><\/path><\/svg><\/span><span class=\"uagb-icon-list__label\">myynti@skyvac.fi<\/span><\/div>\n<\/div><\/div>\n<\/div>\n\n\n\n<div class=\"wp-block-uagb-container uagb-block-7dc25fd8\">\n<div class=\"wp-block-uagb-image aligncenter uagb-block-8ba8cabb wp-block-uagb-image--layout-default wp-block-uagb-image--effect-static wp-block-uagb-image--align-center\"><figure class=\"wp-block-uagb-image__figure\"><img decoding=\"async\" srcset=\"https:\/\/skyvac.fi\/wp-content\/uploads\/profile-pic.svg ,https:\/\/skyvac.fi\/wp-content\/uploads\/profile-pic.svg 780w, https:\/\/skyvac.fi\/wp-content\/uploads\/profile-pic.svg 360w\" sizes=\"auto, (max-width: 480px) 150px\" src=\"https:\/\/skyvac.fi\/wp-content\/uploads\/profile-pic.svg\" alt=\"Profilbild\" class=\"uag-image-650\" width=\"300\" height=\"300\" title=\"\" loading=\"lazy\" role=\"img\"><\/figure><\/div>\n\n\n\n<div class=\"wp-block-uagb-advanced-heading uagb-block-1d9d67fa\"><h3 class=\"uagb-heading-text\">Dinu<\/h3><p class=\"uagb-desc-text\">St\u00e4dtj\u00e4nster<\/p><\/div>\n\n\n\n<div class=\"wp-block-uagb-icon-list uagb-block-842533f8\"><div class=\"uagb-icon-list__wrap\">\n<div class=\"wp-block-uagb-icon-list-child uagb-block-4c64d7d9\"><a target=\"_self\" aria-label=\"+358 40 837 7543\" rel=\"noopener noreferrer\" href=\"tel:+358408377543\"> <\/a><span class=\"uagb-icon-list__source-wrap\"><svg xmlns=\"https:\/\/www.w3.org\/2000\/svg\" viewbox=\"0 0 384 512\"><path d=\"M320 0H64C37.5 0 16 21.5 16 48v416C16 490.5 37.5 512 64 512h256c26.5 0 48-21.5 48-48v-416C368 21.5 346.5 0 320 0zM240 447.1C240 456.8 232.8 464 224 464H159.1C151.2 464 144 456.8 144 448S151.2 432 160 432h64C232.8 432 240 439.2 240 447.1zM304 384h-224V64h224V384z\"><\/path><\/svg><\/span><span class=\"uagb-icon-list__label\">+358 40 837 7543<\/span><\/div>\n\n\n\n<div class=\"wp-block-uagb-icon-list-child uagb-block-4abe5480\"><a target=\"_self\" aria-label=\"palvelut@skyvac.fi\" rel=\"noopener noreferrer\" href=\"mailto:palvelut@skyvac.fi\"> <\/a><span class=\"uagb-icon-list__source-wrap\"><svg xmlns=\"https:\/\/www.w3.org\/2000\/svg\" viewbox=\"0 0 512 512\"><path d=\"M493.6 163c-24.88-19.62-45.5-35.37-164.3-121.6C312.7 29.21 279.7 0 256.4 0H255.6C232.3 0 199.3 29.21 182.6 41.38c-118.8 86.25-139.4 101.1-164.3 121.6C6.75 172 0 186 0 200.8v263.2C0 490.5 21.49 512 48 512h416c26.51 0 48-21.49 48-47.1V200.8C512 186 505.3 172 493.6 163zM303.2 367.5C289.1 378.5 272.5 384 256 384s-33.06-5.484-47.16-16.47L64 254.9V208.5c21.16-16.59 46.48-35.66 156.4-115.5c3.18-2.328 6.891-5.187 10.98-8.353C236.9 80.44 247.8 71.97 256 66.84c8.207 5.131 19.14 13.6 24.61 17.84c4.09 3.166 7.801 6.027 11.15 8.478C400.9 172.5 426.6 191.7 448 208.5v46.32L303.2 367.5z\"><\/path><\/svg><\/span><span class=\"uagb-icon-list__label\">palvelut@skyvac.fi<\/span><\/div>\n<\/div><\/div>\n<\/div>\n<\/div>\n<\/div><\/div>\n\n<div id=\"form\" class=\"wp-block-uagb-container uagb-block-ncf1ellp alignfull uagb-is-root-container\"><div class=\"uagb-container-inner-blocks-wrap\">\n<div class=\"wp-block-uagb-container uagb-block-nb4qw17r\">\n<div class=\"wp-block-uagb-advanced-heading uagb-block-6909c3c1\"><p class=\"uagb-desc-text\">Har du fr\u00e5gor?<\/p><h2 class=\"uagb-heading-text\">Kontaktformul\u00e4r<\/h2><\/div>\n\n\n\n<div class=\"wp-block-uagb-forms uagb-forms__outer-wrap uagb-block-fd41b20f uagb-forms__medium-btn\"><form class=\"uagb-forms-main-form\" method=\"post\" autocomplete=\"on\" name=\"uagb-form-fd41b20f\">\n<div class=\"wp-block-uagb-forms-name uagb-forms-name-wrap uagb-forms-field-set uagb-block-b7cabe46\"><div class=\"uagb-forms-name-label required uagb-forms-input-label\" id=\"b7cabe46\">F\u00f6rnamn<\/div><input type=\"text\" placeholder=\"\" required=\"\" class=\"uagb-forms-name-input uagb-forms-input\" name=\"b7cabe46\" autocomplete=\"given-name\"><\/div>\n\n\n\n<div class=\"wp-block-uagb-forms-name uagb-forms-name-wrap uagb-forms-field-set uagb-block-8f06430b\"><div class=\"uagb-forms-name-label required uagb-forms-input-label\" id=\"8f06430b\">Efternamn<\/div><input type=\"text\" placeholder=\"\" required=\"\" class=\"uagb-forms-name-input uagb-forms-input\" name=\"8f06430b\" autocomplete=\"family-name\"><\/div>\n\n\n\n<div class=\"wp-block-uagb-forms-name uagb-forms-name-wrap uagb-forms-field-set uagb-block-08f05c63\"><div class=\"uagb-forms-name-label uagb-forms-input-label\" id=\"08f05c63\">F\u00f6retag<\/div><input type=\"text\" placeholder=\"\" class=\"uagb-forms-name-input uagb-forms-input\" name=\"08f05c63\" autocomplete=\"name\"><\/div>\n\n\n\n<div class=\"wp-block-uagb-forms-name uagb-forms-name-wrap uagb-forms-field-set uagb-block-bfc02769\"><div class=\"uagb-forms-name-label uagb-forms-input-label\" id=\"bfc02769\">Telefon<\/div><input type=\"text\" placeholder=\"\" class=\"uagb-forms-name-input uagb-forms-input\" name=\"bfc02769\" autocomplete=\"off\"><\/div>\n\n\n\n<div class=\"wp-block-uagb-forms-email uagb-forms-email-wrap uagb-forms-field-set uagb-block-549a6ec2\"><div class=\"uagb-forms-email-label uagb-forms-input-label\" id=\"549a6ec2\">E-post<\/div><input type=\"email\" class=\"uagb-forms-email-input uagb-forms-input\" placeholder=\"\" name=\"549a6ec2\" autocomplete=\"email\"><\/div>\n\n\n\n<div class=\"wp-block-uagb-forms-checkbox uagb-forms-checkbox-wrap uagb-forms-field-set uagb-block-4ffaad05\"><div class=\"uagb-forms-checkbox-label uagb-forms-input-label\" id=\"4ffaad05\">\u00c4rende<\/div><input type=\"checkbox\" class=\"uagb-forms-checkbox\" id=\"checkbox-tarjouspyynt\u00f6---skyvac-tuotteet-4ffaad05\" name=\"Aihe[]\" value=\"Tarjouspyynt\u00f6 - Skyvac-tuotteet\"><label for=\"checkbox-tarjouspyynt\u00f6---skyvac-tuotteet-4ffaad05\">Offertf\u00f6rfr\u00e5gan- Skyvac-produkter<\/label><br><input type=\"checkbox\" class=\"uagb-forms-checkbox\" id=\"checkbox-tarjouspyynt\u00f6---siivouspalvelut-4ffaad05\" name=\"Aihe[]\" value=\"Tarjouspyynt\u00f6 - Siivouspalvelut\"><label for=\"checkbox-tarjouspyynt\u00f6---siivouspalvelut-4ffaad05\">Offertf\u00f6rfr\u00e5gan- St\u00e4dtj\u00e4nster<\/label><br><input type=\"checkbox\" class=\"uagb-forms-checkbox\" id=\"checkbox-yhteydenottopyynt\u00f6-4ffaad05\" name=\"Aihe[]\" value=\"Yhteydenottopyynt\u00f6\"><label for=\"checkbox-yhteydenottopyynt\u00f6-4ffaad05\">Kontaktbeg\u00e4ran<\/label><br><input type=\"checkbox\" class=\"uagb-forms-checkbox\" id=\"checkbox-palaute-4ffaad05\" name=\"Aihe[]\" value=\"Palaute\"><label for=\"checkbox-palaute-4ffaad05\">Feedback<\/label><br><input type=\"checkbox\" class=\"uagb-forms-checkbox\" id=\"checkbox-muu-4ffaad05\" name=\"Aihe[]\" value=\"Muu\"><label for=\"checkbox-muu-4ffaad05\">Annat<\/label><br><\/div>\n\n\n\n<div class=\"wp-block-uagb-forms-textarea uagb-forms-textarea-wrap uagb-forms-field-set uagb-block-e818d9ba\"><div class=\"uagb-forms-textarea-label required uagb-forms-input-label\" id=\"e818d9ba\">Meddelande<\/div><textarea required=\"\" class=\"uagb-forms-textarea-input uagb-forms-input\" rows=\"5\" placeholder=\"\" name=\"e818d9ba\" autocomplete=\"off\"><\/textarea><\/div>\n<div class=\"uagb-forms-form-hidden-data\"><input type=\"hidden\" id=\"g-recaptcha-response\" class=\"uagb-forms-recaptcha\"\/><input type=\"hidden\" class=\"uagb_forms_form_label\" value=\"Spectra Form\"\/><input type=\"hidden\" class=\"uagb_forms_form_id\" value=\"uagb-form-fd41b20f\"\/><\/div><div class=\"uagb-form-reacaptcha-error-fd41b20f\"><\/div><div class=\"uagb-forms-main-submit-button-wrap wp-block-button\"><button class=\"uagb-forms-main-submit-button wp-block-button__link\"><div class=\"uagb-forms-main-submit-button-text\">Skicka<\/div><\/button><\/div><\/form><div class=\"uagb-forms-success-message-fd41b20f uagb-forms-submit-message-hide\"><span>Viestisi on vastaanotettu, olemme yhteydess\u00e4 mahdollisimman pian.<\/span><\/div><div class=\"uagb-forms-failed-message-fd41b20f uagb-forms-submit-message-hide\"><span>Lomakkeen l\u00e4hetys ei onnistunut. Tarkistathan, ett\u00e4 kaikki kent\u00e4t on t\u00e4ytetty oikein, ja yrit\u00e4 uudelleen.<\/span><\/div><\/div>\n<\/div>\n<\/div><\/div>\n","protected":false},"excerpt":{"rendered":"<p>Kontakta oss Hur kan vi st\u00e5 till tj\u00e4nst? Har du fr\u00e5gor, beh\u00f6ver du mer information om v\u00e5ra tj\u00e4nster eller vill [&hellip;]<\/p>\n","protected":false},"author":1,"featured_media":0,"parent":0,"menu_order":0,"comment_status":"closed","ping_status":"closed","template":"","meta":{"_uag_custom_page_level_css":"","site-sidebar-layout":"default","site-content-layout":"","ast-site-content-layout":"default","site-content-style":"default","site-sidebar-style":"default","ast-global-header-display":"","ast-banner-title-visibility":"","ast-main-header-display":"","ast-hfb-above-header-display":"","ast-hfb-below-header-display":"","ast-hfb-mobile-header-display":"","site-post-title":"disabled","ast-breadcrumbs-content":"","ast-featured-img":"","footer-sml-layout":"","ast-disable-related-posts":"","theme-transparent-header-meta":"","adv-header-id-meta":"","stick-header-meta":"","header-above-stick-meta":"","header-main-stick-meta":"","header-below-stick-meta":"","astra-migrate-meta-layouts":"default","ast-page-background-enabled":"default","ast-page-background-meta":{"desktop":{"background-color":"var(--ast-global-color-5)","background-image":"","background-repeat":"repeat","background-position":"center center","background-size":"auto","background-attachment":"scroll","background-type":"","background-media":"","overlay-type":"","overlay-color":"","overlay-opacity":"","overlay-gradient":""},"tablet":{"background-color":"","background-image":"","background-repeat":"repeat","background-position":"center center","background-size":"auto","background-attachment":"scroll","background-type":"","background-media":"","overlay-type":"","overlay-color":"","overlay-opacity":"","overlay-gradient":""},"mobile":{"background-color":"","background-image":"","background-repeat":"repeat","background-position":"center center","background-size":"auto","background-attachment":"scroll","background-type":"","background-media":"","overlay-type":"","overlay-color":"","overlay-opacity":"","overlay-gradient":""}},"ast-content-background-meta":{"desktop":{"background-color":"var(--ast-global-color-4)","background-image":"","background-repeat":"repeat","background-position":"center center","background-size":"auto","background-attachment":"scroll","background-type":"","background-media":"","overlay-type":"","overlay-color":"","overlay-opacity":"","overlay-gradient":""},"tablet":{"background-color":"var(--ast-global-color-4)","background-image":"","background-repeat":"repeat","background-position":"center center","background-size":"auto","background-attachment":"scroll","background-type":"","background-media":"","overlay-type":"","overlay-color":"","overlay-opacity":"","overlay-gradient":""},"mobile":{"background-color":"var(--ast-global-color-4)","background-image":"","background-repeat":"repeat","background-position":"center center","background-size":"auto","background-attachment":"scroll","background-type":"","background-media":"","overlay-type":"","overlay-color":"","overlay-opacity":"","overlay-gradient":""}},"footnotes":""},"class_list":["post-605","page","type-page","status-publish","hentry"],"spectra_custom_meta":{"_last_translation_edit_mode":["translation-editor"],"ast-main-header-display":[""],"ast-hfb-above-header-display":[""],"ast-hfb-below-header-display":[""],"ast-hfb-mobile-header-display":[""],"adv-header-id-meta":[""],"footer-sml-layout":[""],"stick-header-meta":[""],"header-main-stick-meta":[""],"header-above-stick-meta":[""],"header-below-stick-meta":[""],"site-post-title":["disabled"],"site-sidebar-layout":["default"],"site-content-layout":[""],"ast-featured-img":[""],"ast-breadcrumbs-content":[""],"theme-transparent-header-meta":[""],"ast-banner-title-visibility":[""],"ast-global-header-display":[""],"ast-site-content-layout":["default"],"site-content-style":["default"],"site-sidebar-style":["default"],"_top_nav_excluded":[""],"_cms_nav_minihome":[""],"_wpml_word_count":["162"],"_wp_page_template":[""],"_genesis_title":["Ota yhteytt\u00e4 asiantuntijoihimme"],"_genesis_description":["Tarvitsetko apua tai lis\u00e4tietoa? Ota yhteytt\u00e4 asiantuntevaan tiimiimme \u2013 olemme apunasi kaikkialla Suomessa."],"_edit_last":["1"],"_edit_lock":["1776349797:1"]},"uagb_featured_image_src":{"full":false,"thumbnail":false,"medium":false,"medium_large":false,"large":false,"1536x1536":false,"2048x2048":false},"uagb_author_info":{"display_name":"admin","author_link":"#"},"uagb_comment_info":0,"uagb_excerpt":"Kontakta oss Hur kan vi st\u00e5 till tj\u00e4nst? Har du fr\u00e5gor, beh\u00f6ver du mer information om v\u00e5ra tj\u00e4nster eller vill [&hellip;]","_links":{"self":[{"href":"https:\/\/skyvac.fi\/sv\/wp-json\/wp\/v2\/pages\/605","targetHints":{"allow":["GET"]}}],"collection":[{"href":"https:\/\/skyvac.fi\/sv\/wp-json\/wp\/v2\/pages"}],"about":[{"href":"https:\/\/skyvac.fi\/sv\/wp-json\/wp\/v2\/types\/page"}],"author":[{"embeddable":true,"href":"https:\/\/skyvac.fi\/sv\/wp-json\/wp\/v2\/users\/1"}],"replies":[{"embeddable":true,"href":"https:\/\/skyvac.fi\/sv\/wp-json\/wp\/v2\/comments?post=605"}],"version-history":[{"count":8,"href":"https:\/\/skyvac.fi\/sv\/wp-json\/wp\/v2\/pages\/605\/revisions"}],"predecessor-version":[{"id":896,"href":"https:\/\/skyvac.fi\/sv\/wp-json\/wp\/v2\/pages\/605\/revisions\/896"}],"wp:attachment":[{"href":"https:\/\/skyvac.fi\/sv\/wp-json\/wp\/v2\/media?parent=605"}],"curies":[{"name":"wp","href":"https:\/\/api.w.org\/{rel}","templated":true}]}}